{"id":59,"date":"2015-01-31T10:08:31","date_gmt":"2015-01-31T09:08:31","guid":{"rendered":"http:\/\/www.ugykr.hu\/?page_id=59"},"modified":"2026-01-15T17:54:59","modified_gmt":"2026-01-15T16:54:59","slug":"dr-horzsa-eva","status":"publish","type":"page","link":"https:\/\/www.ugykr.hu\/?page_id=59","title":{"rendered":"Dr. Horzsa \u00c9va"},"content":{"rendered":"\n<p>Az al\u00e1bbiakban <strong><em><mark style=\"background-color:rgba(0, 0, 0, 0)\" class=\"has-inline-color has-vivid-red-color\">Dr. Horzsa \u00c9va<\/mark><\/em><\/strong> el\u00e9rhet\u0151s\u00e9geit, rendel\u00e9si idej\u00e9t l\u00e1thatj\u00e1k. <\/p>\n\n\n\n<p><strong><em><mark style=\"background-color:rgba(0, 0, 0, 0)\" class=\"has-inline-color has-vivid-green-cyan-color\">K\u00f6zponti telefonsz\u00e1m, id\u0151pontk\u00e9r\u00e9s:<\/mark><\/em><\/strong> +3613691766 (07:30\u201312:30 \u00f3ra k\u00f6z\u00f6tt)<br><strong><em><mark style=\"background-color:rgba(0, 0, 0, 0)\" class=\"has-inline-color has-vivid-green-cyan-color\">Mobil telefonsz\u00e1m: <\/mark><\/em><\/strong>+3620984 1015<br><strong><em><mark style=\"background-color:rgba(0, 0, 0, 0)\" class=\"has-inline-color has-vivid-green-cyan-color\">Rendel\u0151 e-mail c\u00edme:<\/mark><\/em> <\/strong>rendelo1042@gmail.com<\/p>\n\n\n\n<div class=\"wp-block-columns are-vertically-aligned-center is-layout-flex wp-container-core-columns-is-layout-9d6595d7 wp-block-columns-is-layout-flex\">\n<div class=\"wp-block-column is-vertically-aligned-center is-layout-flow wp-block-column-is-layout-flow\" style=\"flex-basis:100%\">\n<figure class=\"wp-block-table\"><table class=\"has-fixed-layout\"><tbody><tr><td><strong><em><mark style=\"background-color:rgba(0, 0, 0, 0)\" class=\"has-inline-color has-vivid-red-color\">Dr. Horzsa \u00c9va<\/mark><\/em><\/strong><\/td><td><strong><mark style=\"background-color:rgba(0, 0, 0, 0)\" class=\"has-inline-color has-vivid-red-color\">1-es rendel\u0151 <br>(+3614359140)<\/mark><\/strong> <\/td><td><strong><mark style=\"background-color:rgba(0, 0, 0, 0)\" class=\"has-inline-color has-vivid-red-color\">3-as rendel\u0151 <br>(+3614359142) <\/mark><\/strong><\/td><td><mark style=\"background-color:rgba(0, 0, 0, 0)\" class=\"has-inline-color has-vivid-red-color\"><strong>Tan\u00e1csad\u00e1s <br>(+361435 9142)<\/strong><\/mark><\/td><td><mark style=\"background-color:rgba(0, 0, 0, 0)\" class=\"has-inline-color has-vivid-red-color\"><strong>Telefonos <br>konzult\u00e1ci\u00f3<\/strong><\/mark><\/td><\/tr><tr><td><strong><em><mark style=\"background-color:rgba(0, 0, 0, 0)\" class=\"has-inline-color has-vivid-red-color\">H\u00e9tf\u0151<\/mark><\/em><\/strong><\/td><td>8-10 k\u00f6z\u00f6tt<\/td><td><\/td><td>10-13 k\u00f6z\u00f6tt<\/td><td><\/td><\/tr><tr><td><strong><em><mark style=\"background-color:rgba(0, 0, 0, 0)\" class=\"has-inline-color has-vivid-red-color\">Kedd<\/mark><\/em><\/strong><\/td><td>10-13 k\u00f6z\u00f6tt<\/td><td>13-14 k\u00f6z\u00f6tt<\/td><td><\/td><td><\/td><\/tr><tr><td><mark style=\"background-color:rgba(0, 0, 0, 0)\" class=\"has-inline-color has-vivid-red-color\"><em><strong>Szerda<\/strong><\/em><\/mark><\/td><td>18-20 k\u00f6z\u00f6tt<\/td><td><\/td><td>15-18 k\u00f6z\u00f6tt<\/td><td><\/td><\/tr><tr><td><strong><em><mark style=\"background-color:rgba(0, 0, 0, 0)\" class=\"has-inline-color has-vivid-red-color\">Cs\u00fct\u00f6rt\u00f6k<\/mark><\/em><\/strong><\/td><td>12-14 k\u00f6z\u00f6tt<\/td><td>14-15 k\u00f6z\u00f6tt<\/td><td><\/td><td>15-16 k\u00f6z\u00f6tt<\/td><\/tr><tr><td><strong><em><mark style=\"background-color:rgba(0, 0, 0, 0)\" class=\"has-inline-color has-vivid-red-color\">P\u00e9ntek<\/mark><\/em><\/strong><\/td><td>Aktu\u00e1lis rendel\u00e9si id\u0151ben<\/td><td><\/td><td><\/td><td><\/td><\/tr><\/tbody><\/table><\/figure>\n<\/div>\n<\/div>\n\n\n\n<p><\/p>\n","protected":false},"excerpt":{"rendered":"<p>Az al\u00e1bbiakban Dr. Horzsa \u00c9va el\u00e9rhet\u0151s\u00e9geit, rendel\u00e9si idej\u00e9t l\u00e1thatj\u00e1k. K\u00f6zponti telefonsz\u00e1m, id\u0151pontk\u00e9r\u00e9s: +3613691766 (07:30\u201312:30 \u00f3ra k\u00f6z\u00f6tt)Mobil telefonsz\u00e1m: +3620984 1015Rendel\u0151 e-mail c\u00edme: rendelo1042@gmail.com Dr. Horzsa \u00c9va 1-es rendel\u0151 (+3614359140) 3-as rendel\u0151 (+3614359142) Tan\u00e1csad\u00e1s (+361435 9142) Telefonos konzult\u00e1ci\u00f3 H\u00e9tf\u0151 8-10 k\u00f6z\u00f6tt 10-13 k\u00f6z\u00f6tt Kedd 10-13 k\u00f6z\u00f6tt 13-14 k\u00f6z\u00f6tt Szerda 18-20 k\u00f6z\u00f6tt 15-18 k\u00f6z\u00f6tt Cs\u00fct\u00f6rt\u00f6k 12-14 k\u00f6z\u00f6tt 14-15&hellip; <br \/> <a class=\"read-more\" href=\"https:\/\/www.ugykr.hu\/?page_id=59\">Read more<\/a><\/p>\n","protected":false},"author":1,"featured_media":0,"parent":0,"menu_order":0,"comment_status":"closed","ping_status":"open","template":"","meta":{"footnotes":""},"class_list":["post-59","page","type-page","status-publish","hentry"],"_links":{"self":[{"href":"https:\/\/www.ugykr.hu\/index.php?rest_route=\/wp\/v2\/pages\/59","targetHints":{"allow":["GET"]}}],"collection":[{"href":"https:\/\/www.ugykr.hu\/index.php?rest_route=\/wp\/v2\/pages"}],"about":[{"href":"https:\/\/www.ugykr.hu\/index.php?rest_route=\/wp\/v2\/types\/page"}],"author":[{"embeddable":true,"href":"https:\/\/www.ugykr.hu\/index.php?rest_route=\/wp\/v2\/users\/1"}],"replies":[{"embeddable":true,"href":"https:\/\/www.ugykr.hu\/index.php?rest_route=%2Fwp%2Fv2%2Fcomments&post=59"}],"version-history":[{"count":38,"href":"https:\/\/www.ugykr.hu\/index.php?rest_route=\/wp\/v2\/pages\/59\/revisions"}],"predecessor-version":[{"id":1164,"href":"https:\/\/www.ugykr.hu\/index.php?rest_route=\/wp\/v2\/pages\/59\/revisions\/1164"}],"wp:attachment":[{"href":"https:\/\/www.ugykr.hu\/index.php?rest_route=%2Fwp%2Fv2%2Fmedia&parent=59"}],"curies":[{"name":"wp","href":"https:\/\/api.w.org\/{rel}","templated":true}]}}