{"id":57,"date":"2015-01-31T09:55:35","date_gmt":"2015-01-31T08:55:35","guid":{"rendered":"http:\/\/www.ugykr.hu\/?page_id=57"},"modified":"2026-01-15T16:23:36","modified_gmt":"2026-01-15T15:23:36","slug":"dr","status":"publish","type":"page","link":"https:\/\/www.ugykr.hu\/?page_id=57","title":{"rendered":"Dr. Kov\u00e1cs \u00c9va"},"content":{"rendered":"\n<p>Az al\u00e1bbiakban <strong><em><mark style=\"background-color:rgba(0, 0, 0, 0)\" class=\"has-inline-color has-vivid-red-color\">Dr. Kov\u00e1cs \u00c9va<\/mark><\/em><\/strong> el\u00e9rhet\u0151s\u00e9geit, rendel\u00e9si idej\u00e9t l\u00e1thatj\u00e1k.<\/p>\n\n\n\n<p><strong><em><mark style=\"background-color:rgba(0, 0, 0, 0)\" class=\"has-inline-color has-vivid-red-color\">K\u00f6zponti telefonsz\u00e1m, id\u0151pontk\u00e9r\u00e9s:<\/mark><\/em><\/strong> +3613691766 (7.30-12.30 k\u00f6z\u00f6tt)<br><strong><em><mark style=\"background-color:rgba(0, 0, 0, 0)\" class=\"has-inline-color has-vivid-red-color\">Doktorn\u0151 e-mail c\u00edme:<\/mark><\/em><\/strong> essentia699@gmail.com\u00a0<br><em>Doktorn\u0151 rendel\u00e9s\u00e9re csak szem\u00e9lyesen \u00e9s telefonon van lehet\u0151s\u00e9g id\u0151pontot<br>foglalni, <mark style=\"background-color:rgba(0, 0, 0, 0)\" class=\"has-inline-color has-vivid-green-cyan-color\">az internetes bejelentkez\u00e9st nem haszn\u00e1lj\u00e1k<\/mark>. <\/em><\/p>\n\n\n\n<figure class=\"wp-block-table aligncenter\"><table class=\"has-fixed-layout\"><tbody><tr><td><strong><em><mark style=\"background-color:rgba(0, 0, 0, 0)\" class=\"has-inline-color has-vivid-red-color\">Dr. Kov\u00e1cs \u00c9va<\/mark><\/em><\/strong><\/td><td><strong><mark style=\"background-color:rgba(0, 0, 0, 0)\" class=\"has-inline-color has-vivid-red-color\">Betegrendel\u00e9s<\/mark><\/strong> (<mark style=\"background-color:rgba(0, 0, 0, 0)\" class=\"has-inline-color has-vivid-green-cyan-color\"><strong>+3614359141<\/strong><\/mark>)<\/td><td><strong><mark style=\"background-color:rgba(0, 0, 0, 0)\" class=\"has-inline-color has-vivid-red-color\">Tan\u00e1csad\u00e1s <\/mark><\/strong>(<strong><mark style=\"background-color:rgba(0, 0, 0, 0)\" class=\"has-inline-color has-vivid-green-cyan-color\">+3613708629<\/mark><\/strong>)<\/td><\/tr><tr><td><strong><em><mark style=\"background-color:rgba(0, 0, 0, 0)\" class=\"has-inline-color has-vivid-red-color\">H\u00e9tf\u0151<\/mark><\/em><\/strong><\/td><td>14-16 k\u00f6z\u00f6tt<\/td><td><\/td><\/tr><tr><td><strong><em><mark style=\"background-color:rgba(0, 0, 0, 0)\" class=\"has-inline-color has-vivid-red-color\">Kedd<\/mark><\/em><\/strong><\/td><td>8-10 k\u00f6z\u00f6tt<\/td><td>10-12 k\u00f6z\u00f6tt<\/td><\/tr><tr><td><strong><em><mark style=\"background-color:rgba(0, 0, 0, 0)\" class=\"has-inline-color has-vivid-red-color\">Szerda<\/mark><\/em><\/strong><\/td><td>12-14 k\u00f6z\u00f6tt<\/td><td><\/td><\/tr><tr><td><strong><em><mark style=\"background-color:rgba(0, 0, 0, 0)\" class=\"has-inline-color has-vivid-red-color\">Cs\u00fct\u00f6rt\u00f6k<\/mark><\/em><\/strong><\/td><td>18-20 k\u00f6z\u00f6tt<\/td><td>16-18 k\u00f6z\u00f6tt<\/td><\/tr><tr><td><strong><em><mark style=\"background-color:rgba(0, 0, 0, 0)\" class=\"has-inline-color has-vivid-red-color\">P\u00e9ntek<\/mark><\/em><\/strong><\/td><td>Aktu\u00e1lis rendel\u00e9si id\u0151ben<\/td><td><\/td><\/tr><\/tbody><\/table><\/figure>\n\n\n\n<p><\/p>\n","protected":false},"excerpt":{"rendered":"<p>Az al\u00e1bbiakban Dr. Kov\u00e1cs \u00c9va el\u00e9rhet\u0151s\u00e9geit, rendel\u00e9si idej\u00e9t l\u00e1thatj\u00e1k. K\u00f6zponti telefonsz\u00e1m, id\u0151pontk\u00e9r\u00e9s: +3613691766 (7.30-12.30 k\u00f6z\u00f6tt)Doktorn\u0151 e-mail c\u00edme: essentia699@gmail.com\u00a0Doktorn\u0151 rendel\u00e9s\u00e9re csak szem\u00e9lyesen \u00e9s telefonon van lehet\u0151s\u00e9g id\u0151pontotfoglalni, az internetes bejelentkez\u00e9st nem haszn\u00e1lj\u00e1k. Dr. Kov\u00e1cs \u00c9va Betegrendel\u00e9s (+3614359141) Tan\u00e1csad\u00e1s (+3613708629) H\u00e9tf\u0151 14-16 k\u00f6z\u00f6tt Kedd 8-10 k\u00f6z\u00f6tt 10-12 k\u00f6z\u00f6tt Szerda 12-14 k\u00f6z\u00f6tt Cs\u00fct\u00f6rt\u00f6k 18-20 k\u00f6z\u00f6tt 16-18 k\u00f6z\u00f6tt P\u00e9ntek&hellip; <br \/> <a class=\"read-more\" href=\"https:\/\/www.ugykr.hu\/?page_id=57\">Read more<\/a><\/p>\n","protected":false},"author":1,"featured_media":0,"parent":0,"menu_order":0,"comment_status":"closed","ping_status":"open","template":"","meta":{"footnotes":""},"class_list":["post-57","page","type-page","status-publish","hentry"],"_links":{"self":[{"href":"https:\/\/www.ugykr.hu\/index.php?rest_route=\/wp\/v2\/pages\/57","targetHints":{"allow":["GET"]}}],"collection":[{"href":"https:\/\/www.ugykr.hu\/index.php?rest_route=\/wp\/v2\/pages"}],"about":[{"href":"https:\/\/www.ugykr.hu\/index.php?rest_route=\/wp\/v2\/types\/page"}],"author":[{"embeddable":true,"href":"https:\/\/www.ugykr.hu\/index.php?rest_route=\/wp\/v2\/users\/1"}],"replies":[{"embeddable":true,"href":"https:\/\/www.ugykr.hu\/index.php?rest_route=%2Fwp%2Fv2%2Fcomments&post=57"}],"version-history":[{"count":28,"href":"https:\/\/www.ugykr.hu\/index.php?rest_route=\/wp\/v2\/pages\/57\/revisions"}],"predecessor-version":[{"id":1160,"href":"https:\/\/www.ugykr.hu\/index.php?rest_route=\/wp\/v2\/pages\/57\/revisions\/1160"}],"wp:attachment":[{"href":"https:\/\/www.ugykr.hu\/index.php?rest_route=%2Fwp%2Fv2%2Fmedia&parent=57"}],"curies":[{"name":"wp","href":"https:\/\/api.w.org\/{rel}","templated":true}]}}