{"id":55,"date":"2015-01-31T09:45:24","date_gmt":"2015-01-31T08:45:24","guid":{"rendered":"http:\/\/www.ugykr.hu\/?page_id=55"},"modified":"2025-11-01T22:34:46","modified_gmt":"2025-11-01T21:34:46","slug":"dr-kalman-mihaly","status":"publish","type":"page","link":"https:\/\/www.ugykr.hu\/?page_id=55","title":{"rendered":"Dr. K\u00e1lm\u00e1n Mih\u00e1ly volt rendel\u00e9se"},"content":{"rendered":"\n<p><strong>K\u00f6zponti telefonsz\u00e1m, id\u0151pontk\u00e9r\u00e9s:<\/strong> 06 1 369 1766 (7:30 \u201312:30 k\u00f6z\u00f6tt)<br><strong>1-es rendel\u0151 telefonsz\u00e1ma: <\/strong>06 1 435 9140 (rendel\u00e9si id\u0151ben)<br><strong>A rendel\u0151 e-mail c\u00edme:<\/strong> rendelo1042@gmail.com<\/p>\n\n\n\n<p><strong>Kedves Betegeink \u00e9s Hozz\u00e1tartoz\u00f3k!<\/strong><\/p>\n\n\n\n<p>Dr. K\u00e1lm\u00e1n Mih\u00e1ly nyugd\u00edjba vonul\u00e1sa ut\u00e1n, 2025. okt\u00f3ber 1-j\u00e9t\u0151l<br>k\u00e9t h\u00f3napon \u00e1t a rendel\u0151 orvosai helyettes\u00edtik saj\u00e1t rendel\u00e9si idej\u00fckben.<\/p>\n\n\n\n<pre class=\"wp-block-code has-regular-font-size\"><code><strong><u>Helyettes\u00edt\u00e9sek rendje:<\/u><\/strong>\n\n<strong>H\u00e9tf\u0151<\/strong>: Dr. Horzsa \u00c9va: 8:00\u201310:00\n<strong>Kedd<\/strong>: Dr. Erdei Zsuzsanna: 15:00\u201318:00\n<strong>Szerda<\/strong>: Dr. Simon Attila: 10:00\u201312:00\n<strong>Cs\u00fct\u00f6rt\u00f6k<\/strong>: Dr. P\u00e1los Judit\n - Tan\u00e1csad\u00e1s: 8:00\u20139:00\n - Betegrendel\u00e9s: 09:00\u201312:00\n<strong>P\u00e9ntek<\/strong>: v\u00e1ltoz\u00f3<\/code><\/pre>\n\n\n\n<p><\/p>\n\n\n\n<p><br>A helyzet sz\u00e1munkra is \u00faj, ez\u00e9rt k\u00e9rj\u00fck meg\u00e9rt\u00e9s\u00fcket \u00e9s t\u00fcrelm\u00fcket.<br>Seg\u00edts\u00e9g\u00fcket el\u0151re is k\u00f6sz\u00f6nj\u00fck!<\/p>\n\n\n\n<p class=\"has-text-align-left\"><strong>A rendel\u0151 dolgoz\u00f3i<\/strong><\/p>\n\n\n\n<p><\/p>\n","protected":false},"excerpt":{"rendered":"<p>K\u00f6zponti telefonsz\u00e1m, id\u0151pontk\u00e9r\u00e9s: 06 1 369 1766 (7:30 \u201312:30 k\u00f6z\u00f6tt)1-es rendel\u0151 telefonsz\u00e1ma: 06 1 435 9140 (rendel\u00e9si id\u0151ben)A rendel\u0151 e-mail c\u00edme: rendelo1042@gmail.com Kedves Betegeink \u00e9s Hozz\u00e1tartoz\u00f3k! Dr. K\u00e1lm\u00e1n Mih\u00e1ly nyugd\u00edjba vonul\u00e1sa ut\u00e1n, 2025. okt\u00f3ber 1-j\u00e9t\u0151lk\u00e9t h\u00f3napon \u00e1t a rendel\u0151 orvosai helyettes\u00edtik saj\u00e1t rendel\u00e9si idej\u00fckben. A helyzet sz\u00e1munkra is \u00faj, ez\u00e9rt k\u00e9rj\u00fck meg\u00e9rt\u00e9s\u00fcket \u00e9s t\u00fcrelm\u00fcket.Seg\u00edts\u00e9g\u00fcket el\u0151re&hellip; <br \/> <a class=\"read-more\" href=\"https:\/\/www.ugykr.hu\/?page_id=55\">Read more<\/a><\/p>\n","protected":false},"author":1,"featured_media":0,"parent":0,"menu_order":0,"comment_status":"closed","ping_status":"open","template":"","meta":{"footnotes":""},"class_list":["post-55","page","type-page","status-publish","hentry"],"_links":{"self":[{"href":"https:\/\/www.ugykr.hu\/index.php?rest_route=\/wp\/v2\/pages\/55","targetHints":{"allow":["GET"]}}],"collection":[{"href":"https:\/\/www.ugykr.hu\/index.php?rest_route=\/wp\/v2\/pages"}],"about":[{"href":"https:\/\/www.ugykr.hu\/index.php?rest_route=\/wp\/v2\/types\/page"}],"author":[{"embeddable":true,"href":"https:\/\/www.ugykr.hu\/index.php?rest_route=\/wp\/v2\/users\/1"}],"replies":[{"embeddable":true,"href":"https:\/\/www.ugykr.hu\/index.php?rest_route=%2Fwp%2Fv2%2Fcomments&post=55"}],"version-history":[{"count":42,"href":"https:\/\/www.ugykr.hu\/index.php?rest_route=\/wp\/v2\/pages\/55\/revisions"}],"predecessor-version":[{"id":1013,"href":"https:\/\/www.ugykr.hu\/index.php?rest_route=\/wp\/v2\/pages\/55\/revisions\/1013"}],"wp:attachment":[{"href":"https:\/\/www.ugykr.hu\/index.php?rest_route=%2Fwp%2Fv2%2Fmedia&parent=55"}],"curies":[{"name":"wp","href":"https:\/\/api.w.org\/{rel}","templated":true}]}}