{"id":53,"date":"2015-01-31T09:42:00","date_gmt":"2015-01-31T08:42:00","guid":{"rendered":"http:\/\/www.ugykr.hu\/?page_id=53"},"modified":"2026-01-15T15:15:26","modified_gmt":"2026-01-15T14:15:26","slug":"dr-erdei-zsuzsanna","status":"publish","type":"page","link":"https:\/\/www.ugykr.hu\/?page_id=53","title":{"rendered":"Dr. Erdei Zsuzsanna"},"content":{"rendered":"\n<p>Az al\u00e1bbiakban <strong><em><mark style=\"background-color:rgba(0, 0, 0, 0)\" class=\"has-inline-color has-vivid-red-color\">Dr. Erdei Zsuzsanna<\/mark><\/em><\/strong> el\u00e9rhet\u0151s\u00e9geit, rendel\u00e9si idej\u00e9t l\u00e1thatj\u00e1k.<\/p>\n\n\n\n<h5 class=\"wp-block-heading has-regular-font-size\"><strong><em><mark style=\"background-color:rgba(0, 0, 0, 0)\" class=\"has-inline-color has-vivid-red-color\">K\u00f6zponti telefonsz\u00e1m, id\u0151pontk\u00e9r\u00e9s:<\/mark><\/em> <\/strong>+3613691766 (7:30\u201312:30 k\u00f6z\u00f6tt)<br><strong><em><mark style=\"background-color:rgba(0, 0, 0, 0)\" class=\"has-inline-color has-vivid-red-color\">Rendel\u0151 e-mail c\u00edme:<\/mark><\/em><\/strong> rendelo1042@gmail.com<\/h5>\n\n\n\n<figure class=\"wp-block-table aligncenter\"><table class=\"has-fixed-layout\"><tbody><tr><td><strong><em><mark style=\"background-color:rgba(0, 0, 0, 0)\" class=\"has-inline-color has-vivid-red-color\">Dr. Erdei <br>Zsuzsanna<\/mark><\/em><\/strong><\/td><td><strong><em><mark style=\"background-color:rgba(0, 0, 0, 0)\" class=\"has-inline-color has-vivid-red-color\">Betegrendel\u00e9s, <br>2-es rendel\u0151<\/mark><\/em><\/strong><br>(<mark style=\"background-color:rgba(0, 0, 0, 0)\" class=\"has-inline-color has-vivid-green-cyan-color\"><strong>+3614359141<\/strong><\/mark>) <\/td><td><strong><em><mark style=\"background-color:rgba(0, 0, 0, 0)\" class=\"has-inline-color has-vivid-red-color\">Tan\u00e1csad\u00e1s <\/mark><\/em><\/strong>(<strong><mark style=\"background-color:rgba(0, 0, 0, 0)\" class=\"has-inline-color has-vivid-green-cyan-color\">+3613708629<\/mark><\/strong>)<\/td><td><strong><em><mark style=\"background-color:rgba(0, 0, 0, 0)\" class=\"has-inline-color has-vivid-red-color\">Telefonos konzult\u00e1ci\u00f3<\/mark><\/em><\/strong><br>(<mark style=\"background-color:rgba(0, 0, 0, 0)\" class=\"has-inline-color has-vivid-green-cyan-color\"><strong>+3614359141<\/strong><\/mark>)<\/td><\/tr><tr><td><strong><em><mark style=\"background-color:rgba(0, 0, 0, 0)\" class=\"has-inline-color has-vivid-red-color\">H\u00e9tf\u0151<\/mark><\/em><\/strong><\/td><td>10-13 k\u00f6z\u00f6tt<\/td><td>8-10 k\u00f6z\u00f6tt<\/td><td>12-13 k\u00f6z\u00f6tt<\/td><\/tr><tr><td><strong><em><mark style=\"background-color:rgba(0, 0, 0, 0)\" class=\"has-inline-color has-vivid-red-color\">Kedd<\/mark><\/em><\/strong><\/td><td>15-18 k\u00f6z\u00f6tt<\/td><td><\/td><td>15-16 k\u00f6z\u00f6tt<\/td><\/tr><tr><td><strong><em><mark style=\"background-color:rgba(0, 0, 0, 0)\" class=\"has-inline-color has-vivid-red-color\">Szerda<\/mark><\/em><\/strong><\/td><td>16-18 k\u00f6z\u00f6tt<\/td><td>13-16 k\u00f6z\u00f6tt<\/td><td>18-19 k\u00f6z\u00f6tt<\/td><\/tr><tr><td><strong><em><mark style=\"background-color:rgba(0, 0, 0, 0)\" class=\"has-inline-color has-vivid-red-color\">Cs\u00fct\u00f6rt\u00f6k<\/mark><\/em><\/strong><\/td><td>13-16 k\u00f6z\u00f6tt<\/td><td><\/td><td>13-14 k\u00f6z\u00f6tt<\/td><\/tr><tr><td><strong><em><mark style=\"background-color:rgba(0, 0, 0, 0)\" class=\"has-inline-color has-vivid-red-color\">P\u00e9ntek<\/mark><\/em><\/strong><\/td><td>Aktu\u00e1lis rendel\u00e9si id\u0151ben<\/td><td><\/td><td><\/td><\/tr><\/tbody><\/table><\/figure>\n\n\n\n<p><\/p>\n\n\n\n<p><\/p>\n","protected":false},"excerpt":{"rendered":"<p>Az al\u00e1bbiakban Dr. Erdei Zsuzsanna el\u00e9rhet\u0151s\u00e9geit, rendel\u00e9si idej\u00e9t l\u00e1thatj\u00e1k. K\u00f6zponti telefonsz\u00e1m, id\u0151pontk\u00e9r\u00e9s: +3613691766 (7:30\u201312:30 k\u00f6z\u00f6tt)Rendel\u0151 e-mail c\u00edme: rendelo1042@gmail.com Dr. Erdei Zsuzsanna Betegrendel\u00e9s, 2-es rendel\u0151(+3614359141) Tan\u00e1csad\u00e1s (+3613708629) Telefonos konzult\u00e1ci\u00f3(+3614359141) H\u00e9tf\u0151 10-13 k\u00f6z\u00f6tt 8-10 k\u00f6z\u00f6tt 12-13 k\u00f6z\u00f6tt Kedd 15-18 k\u00f6z\u00f6tt 15-16 k\u00f6z\u00f6tt Szerda 16-18 k\u00f6z\u00f6tt 13-16 k\u00f6z\u00f6tt 18-19 k\u00f6z\u00f6tt Cs\u00fct\u00f6rt\u00f6k 13-16 k\u00f6z\u00f6tt 13-14 k\u00f6z\u00f6tt P\u00e9ntek Aktu\u00e1lis rendel\u00e9si&hellip; <br \/> <a class=\"read-more\" href=\"https:\/\/www.ugykr.hu\/?page_id=53\">Read more<\/a><\/p>\n","protected":false},"author":1,"featured_media":0,"parent":0,"menu_order":0,"comment_status":"closed","ping_status":"open","template":"","meta":{"footnotes":""},"class_list":["post-53","page","type-page","status-publish","hentry"],"_links":{"self":[{"href":"https:\/\/www.ugykr.hu\/index.php?rest_route=\/wp\/v2\/pages\/53","targetHints":{"allow":["GET"]}}],"collection":[{"href":"https:\/\/www.ugykr.hu\/index.php?rest_route=\/wp\/v2\/pages"}],"about":[{"href":"https:\/\/www.ugykr.hu\/index.php?rest_route=\/wp\/v2\/types\/page"}],"author":[{"embeddable":true,"href":"https:\/\/www.ugykr.hu\/index.php?rest_route=\/wp\/v2\/users\/1"}],"replies":[{"embeddable":true,"href":"https:\/\/www.ugykr.hu\/index.php?rest_route=%2Fwp%2Fv2%2Fcomments&post=53"}],"version-history":[{"count":33,"href":"https:\/\/www.ugykr.hu\/index.php?rest_route=\/wp\/v2\/pages\/53\/revisions"}],"predecessor-version":[{"id":1155,"href":"https:\/\/www.ugykr.hu\/index.php?rest_route=\/wp\/v2\/pages\/53\/revisions\/1155"}],"wp:attachment":[{"href":"https:\/\/www.ugykr.hu\/index.php?rest_route=%2Fwp%2Fv2%2Fmedia&parent=53"}],"curies":[{"name":"wp","href":"https:\/\/api.w.org\/{rel}","templated":true}]}}