{"id":40,"date":"2015-01-25T17:28:30","date_gmt":"2015-01-25T16:28:30","guid":{"rendered":"http:\/\/www.ugykr.hu\/?page_id=40"},"modified":"2023-12-18T12:50:48","modified_gmt":"2023-12-18T11:50:48","slug":"lazcsillapitas","status":"publish","type":"page","link":"https:\/\/www.ugykr.hu\/?page_id=40","title":{"rendered":"L\u00e1zcsillap\u00edt\u00e1s"},"content":{"rendered":"<p>A l\u00e1z:<br \/>\nM\u00e9r\u00e9st\u0151l hely\u00e9t\u0151l f\u00fcgg. H\u00f3naljban m\u00e9rve 38C-t\u00f3l, popsiban, f\u00fclben m\u00e9rve 38.5C-t\u00f3l besz\u00e9l\u00fcnk l\u00e1zr\u00f3l.<\/p>\n<p>A l\u00e1zcsillap\u00edt\u00e1snak k\u00fcl\u00f6nf\u00e9le m\u00f3djai lehetnek, pl: gy\u00f3gyszeres, fizikai.<\/p>\n<p>Gy\u00f3gyszeres:<\/p>\n<p>K\u00fcl\u00f6nb\u00f6z\u0151 hat\u00f3anyag\u00fa gy\u00f3gyszerek vannak most forgalomban.<br \/>\nEzek egym\u00e1s mellett alkalmazhat\u00f3k.<br \/>\nAzonos hat\u00f3anyag\u00fa gy\u00f3gyszerek bead\u00e1sa k\u00f6z\u00f6tt 4-6 \u00f3r\u00e1nak kell eltelnie, a k\u00fcl\u00f6nb\u0151z\u0151 hat\u00f3anyag\u00faak k\u00f6z\u00f6tt el\u00e9g 1-2 \u00f3ra is.<\/p>\n<table width=\"447\">\n<tbody>\n<tr>\n<td width=\"159\"><span style=\"color: #ff0000;\"><strong><em>Pirasolon<\/em><\/strong><\/span><\/td>\n<td width=\"94\"><strong><em><span style=\"color: #ff0000;\">Paracetamol<\/span><\/em><\/strong><\/td>\n<td width=\"92\"><strong><em><span style=\"color: #ff0000;\">Salicilat<\/span><\/em><\/strong><\/td>\n<td width=\"102\"><strong><em><span style=\"color: #ff0000;\">Ibuprophen<\/span><\/em><\/strong><\/td>\n<\/tr>\n<tr>\n<td>Algopyrin<\/td>\n<td>Paracetamol<\/td>\n<td>Catatflam<\/td>\n<td>Nurofen<\/td>\n<\/tr>\n<tr>\n<td>Panalgorin<\/td>\n<td>Rubophen<\/td>\n<td>Aspirin<\/td>\n<td>Algoflex<\/td>\n<\/tr>\n<tr>\n<td>Noraminophenason k\u00fap<\/td>\n<td>Mexalen<\/td>\n<td>Kalmopyrin<\/td>\n<td>Advil<\/td>\n<\/tr>\n<tr>\n<td>Qurelin (fejf\u00e1j\u00e1s)<\/td>\n<td>Ben-U-Ron<\/td>\n<td>Apranax<\/td>\n<td>Ibuprophen<\/td>\n<\/tr>\n<tr>\n<td>Flamborin csepp<\/td>\n<td>Panadol<\/td>\n<td>Diclophenac<\/td>\n<td><\/td>\n<\/tr>\n<tr>\n<td><\/td>\n<td>Eferalgam<\/td>\n<td><\/td>\n<td><\/td>\n<\/tr>\n<tr>\n<td><\/td>\n<td>B\u00e9res Febrilin<\/td>\n<td><\/td>\n<td><\/td>\n<\/tr>\n<tr>\n<td><em><span style=\"color: #ff0000;\">\u00d6sszetett szerek:\u00a0<\/span><\/em><\/td>\n<td><\/td>\n<td><\/td>\n<td><\/td>\n<\/tr>\n<tr>\n<td>\u00a0&#8211;<\/td>\n<td>NeoCitran<\/td>\n<td>Aspirin Plus C<\/td>\n<td>Rhinatiol Cold<\/td>\n<\/tr>\n<tr>\n<td><\/td>\n<td>Coldrex<\/td>\n<td><\/td>\n<td>Nurophen Cold<\/td>\n<\/tr>\n<tr>\n<td><\/td>\n<td>Grippostad-C<\/td>\n<td><\/td>\n<td><\/td>\n<\/tr>\n<\/tbody>\n<\/table>\n<p>Igaz\u00e1b\u00f3l nem kell t\u00f6rekedni a teljes l\u00e1ztalans\u00e1gra. Ha 39C feletti l\u00e1zzal kezdt\u00fck, akkor a 38C-38.5C m\u00e1r j\u00f3 eredm\u00e9nynek mondhat\u00f3.<\/p>\n<p>Fizik\u00e1lis:<br \/>\nH\u0171t\u0151f\u00fcrd\u0151, borogat\u00e1s.<\/p>\n<p>H\u0171t\u0151f\u00fcrd\u0151t igen magas l\u00e1zn\u00e1l(39C felett makacsul tart\u00f3) c\u00e9lszer\u0171 v\u00e9gezni. Ilyenkor beletessz\u00fck a gyermeket testmeleg v\u00edzbe, s elkezdj\u00fck engedni hozz\u00e1 a hideg vizet. kb 10-15percig \u00fcl a v\u00edzben, ut\u00e1na visszam\u00e9rj\u00fck a h\u0151m\u00e9rs\u00e9klet\u00e9t. Ha m\u00e9g mindig magas, akkor lehet ism\u00e9telni.<br \/>\nA borogat\u00e1s teljes testfel\u00fcleten t\u00f6rt\u00e9nik, nem el\u00e9g az, ha csak a csukl\u00f3ra, nyakra tesz\u00fcnk vizes ruh\u00e1t.<br \/>\nLegegyszer\u0171bb tal\u00e1n, ha egy leped\u0151t vizez\u00fcnk be \u00e9s abba csavarjuk bele a gyermeket. Csak a fej\u00e9t hagyjuk ki, kez\u00e9t, l\u00e1b\u00e1t is a leped\u0151be csavarjuk. Ennek a m\u00f3dszernek a h\u00e1tr\u00e1nya, hogy gyakran kell cser\u00e9lni a vizesruh\u00e1t, mert igen gyorsan \u00e1tmelegszik.<\/p>\n<p>Legjobb tal\u00e1n ha a l\u00e1zcsillap\u00edt\u00f3 mellett a h\u0171t\u0151f\u00fcrd\u0151t is alkalmazzuk, val\u00f3sz\u00edn\u00fcleg jobb eredm\u00e9nyt kapunk.<br \/>\nHirtelen jelentkez\u0151 l\u00e1zas \u00e1llapottal keress\u00fck fel h\u00e1ziorvosunkat.<br \/>\nHa \u00e9ppen akkor alakul ki 38C-38.5C l\u00e1z, azzal \u00e9rdemesebb v\u00e1rni 1-2 napot. Persze ezt is c\u00e9lszer\u0171 csillaptani, s ha este lefekv\u00e9s el\u0151tt h\u0151emelked\u00e9st vesz\u00fcnk \u00e9szre, c\u00e9lszer\u0171 1 adag l\u00e1zcsillap\u00edt\u00f3t adni a gyermeknek elalv\u00e1s el\u0151tt.<\/p>\n","protected":false},"excerpt":{"rendered":"<p>A l\u00e1z: M\u00e9r\u00e9st\u0151l hely\u00e9t\u0151l f\u00fcgg. H\u00f3naljban m\u00e9rve 38C-t\u00f3l, popsiban, f\u00fclben m\u00e9rve 38.5C-t\u00f3l besz\u00e9l\u00fcnk l\u00e1zr\u00f3l. A l\u00e1zcsillap\u00edt\u00e1snak k\u00fcl\u00f6nf\u00e9le m\u00f3djai lehetnek, pl: gy\u00f3gyszeres, fizikai. Gy\u00f3gyszeres: K\u00fcl\u00f6nb\u00f6z\u0151 hat\u00f3anyag\u00fa gy\u00f3gyszerek vannak most forgalomban. Ezek egym\u00e1s mellett alkalmazhat\u00f3k. Azonos hat\u00f3anyag\u00fa gy\u00f3gyszerek bead\u00e1sa k\u00f6z\u00f6tt 4-6 \u00f3r\u00e1nak kell eltelnie, a k\u00fcl\u00f6nb\u0151z\u0151 hat\u00f3anyag\u00faak k\u00f6z\u00f6tt el\u00e9g 1-2 \u00f3ra is. Pirasolon Paracetamol Salicilat Ibuprophen Algopyrin&hellip; <br \/> <a class=\"read-more\" href=\"https:\/\/www.ugykr.hu\/?page_id=40\">Read more<\/a><\/p>\n","protected":false},"author":1,"featured_media":0,"parent":0,"menu_order":0,"comment_status":"closed","ping_status":"open","template":"","meta":{"footnotes":""},"class_list":["post-40","page","type-page","status-publish","hentry"],"_links":{"self":[{"href":"https:\/\/www.ugykr.hu\/index.php?rest_route=\/wp\/v2\/pages\/40","targetHints":{"allow":["GET"]}}],"collection":[{"href":"https:\/\/www.ugykr.hu\/index.php?rest_route=\/wp\/v2\/pages"}],"about":[{"href":"https:\/\/www.ugykr.hu\/index.php?rest_route=\/wp\/v2\/types\/page"}],"author":[{"embeddable":true,"href":"https:\/\/www.ugykr.hu\/index.php?rest_route=\/wp\/v2\/users\/1"}],"replies":[{"embeddable":true,"href":"https:\/\/www.ugykr.hu\/index.php?rest_route=%2Fwp%2Fv2%2Fcomments&post=40"}],"version-history":[{"count":6,"href":"https:\/\/www.ugykr.hu\/index.php?rest_route=\/wp\/v2\/pages\/40\/revisions"}],"predecessor-version":[{"id":595,"href":"https:\/\/www.ugykr.hu\/index.php?rest_route=\/wp\/v2\/pages\/40\/revisions\/595"}],"wp:attachment":[{"href":"https:\/\/www.ugykr.hu\/index.php?rest_route=%2Fwp%2Fv2%2Fmedia&parent=40"}],"curies":[{"name":"wp","href":"https:\/\/api.w.org\/{rel}","templated":true}]}}