{"id":38,"date":"2015-01-25T17:27:45","date_gmt":"2015-01-25T16:27:45","guid":{"rendered":"http:\/\/www.ugykr.hu\/?page_id=38"},"modified":"2025-12-27T08:53:21","modified_gmt":"2025-12-27T07:53:21","slug":"koszonetnyilvanitas","status":"publish","type":"page","link":"https:\/\/www.ugykr.hu\/?page_id=38","title":{"rendered":"K\u00f6sz\u00f6netnyilv\u00e1n\u00edt\u00e1s"},"content":{"rendered":"<p>A Kir\u00e1ly utcai gyermekrendel\u0151 Eg\u00e9szs\u00e9get Ma \u00e9s Holnap Alap\u00edtv\u00e1nya k\u00f6sz\u00f6ni a 2009-ben felaj\u00e1nlott t\u00e1mogat\u00e1sukat. A szem\u00e9lyi j\u00f6vedelemad\u00f3juk 1%-\u00e1b\u00f3l rendelkez\u00e9s\u00fcnkre \u00e1ll\u00f3 p\u00e9nz\u00f6sszeget a rendel\u0151 infromatikai programj\u00e1nak korszer\u0171s\u00edt\u00e9s\u00e9re, eszk\u00f6zv\u00e1s\u00e1rl\u00e1sra, a rendel\u00e9s k\u00f6r\u00fclm\u00e9nyeinek jav\u00edt\u00e1s\u00e1ra k\u00edv\u00e1njuk ford\u00edtani. C\u00e9ljaink v\u00e1ltozatlanok: jobb k\u00f6r\u00fclm\u00e9nyek k\u00f6z\u00f6tt, korszer\u0171bb ell\u00e1t\u00e1st szeretn\u00e9nk ny\u00fajtani betegeinknek. K\u00f6sz\u00f6nj\u00fck t\u00e1mogat\u00e1sukat!<\/p>\n<p>Dr. K\u00e1lm\u00e1n Mih\u00e1ly<br \/>\nK\u00e9pvisel\u0151<\/p>\n","protected":false},"excerpt":{"rendered":"<p>A Kir\u00e1ly utcai gyermekrendel\u0151 Eg\u00e9szs\u00e9get Ma \u00e9s Holnap Alap\u00edtv\u00e1nya k\u00f6sz\u00f6ni a 2009-ben felaj\u00e1nlott t\u00e1mogat\u00e1sukat. A szem\u00e9lyi j\u00f6vedelemad\u00f3juk 1%-\u00e1b\u00f3l rendelkez\u00e9s\u00fcnkre \u00e1ll\u00f3 p\u00e9nz\u00f6sszeget a rendel\u0151 infromatikai programj\u00e1nak korszer\u0171s\u00edt\u00e9s\u00e9re, eszk\u00f6zv\u00e1s\u00e1rl\u00e1sra, a rendel\u00e9s k\u00f6r\u00fclm\u00e9nyeinek jav\u00edt\u00e1s\u00e1ra k\u00edv\u00e1njuk ford\u00edtani. C\u00e9ljaink v\u00e1ltozatlanok: jobb k\u00f6r\u00fclm\u00e9nyek k\u00f6z\u00f6tt, korszer\u0171bb ell\u00e1t\u00e1st szeretn\u00e9nk ny\u00fajtani betegeinknek. K\u00f6sz\u00f6nj\u00fck t\u00e1mogat\u00e1sukat! Dr. K\u00e1lm\u00e1n Mih\u00e1ly K\u00e9pvisel\u0151<\/p>\n","protected":false},"author":1,"featured_media":0,"parent":0,"menu_order":0,"comment_status":"closed","ping_status":"open","template":"","meta":{"footnotes":""},"class_list":["post-38","page","type-page","status-publish","hentry"],"_links":{"self":[{"href":"https:\/\/www.ugykr.hu\/index.php?rest_route=\/wp\/v2\/pages\/38","targetHints":{"allow":["GET"]}}],"collection":[{"href":"https:\/\/www.ugykr.hu\/index.php?rest_route=\/wp\/v2\/pages"}],"about":[{"href":"https:\/\/www.ugykr.hu\/index.php?rest_route=\/wp\/v2\/types\/page"}],"author":[{"embeddable":true,"href":"https:\/\/www.ugykr.hu\/index.php?rest_route=\/wp\/v2\/users\/1"}],"replies":[{"embeddable":true,"href":"https:\/\/www.ugykr.hu\/index.php?rest_route=%2Fwp%2Fv2%2Fcomments&post=38"}],"version-history":[{"count":1,"href":"https:\/\/www.ugykr.hu\/index.php?rest_route=\/wp\/v2\/pages\/38\/revisions"}],"predecessor-version":[{"id":39,"href":"https:\/\/www.ugykr.hu\/index.php?rest_route=\/wp\/v2\/pages\/38\/revisions\/39"}],"wp:attachment":[{"href":"https:\/\/www.ugykr.hu\/index.php?rest_route=%2Fwp%2Fv2%2Fmedia&parent=38"}],"curies":[{"name":"wp","href":"https:\/\/api.w.org\/{rel}","templated":true}]}}