{"id":36,"date":"2015-01-25T17:27:02","date_gmt":"2015-01-25T16:27:02","guid":{"rendered":"http:\/\/www.ugykr.hu\/?page_id=36"},"modified":"2015-01-25T17:27:02","modified_gmt":"2015-01-25T16:27:02","slug":"gilbert-syndroma","status":"publish","type":"page","link":"https:\/\/www.ugykr.hu\/?page_id=36","title":{"rendered":"Gilbert Syndroma"},"content":{"rendered":"<p>A Gilbert Syndroma az id\u0151sebb gyermekek (\u00e1lt. 14 \u00e9ves kor felett) k\u00f6r\u00e9ben kialakul\u00f3 betegs\u00e9g.<\/p>\n<p>A betegs\u00e9g l\u00e9nyege:<br \/>\nA v\u00f6r\u00f6sv\u00e9rtestekben tal\u00e1lhat\u00f3 az oxig\u00e9nsz\u00e1ll\u00edt\u00e1s\u00e9rt felel\u0151s hemoglobin, amelynek lebont\u00e1sa a m\u00e1jban t\u00f6rt\u00e9nik. A m\u00e1j veszi fel a hemoglobinb\u00f3l keletkezett bilirubint \u00e9s alak\u00edtja \u00e1t ep\u00e9v\u00e9, mely a v\u00e9konyb\u00e9l fel\u00e9 \u00fcr\u00fcl. Gilbert k\u00f3rban a m\u00e1jsejtek bilirubin felv\u00e9tele bizonyos k\u00f6r\u00fclm\u00e9nyek (pl. stressz, f\u00e1radts\u00e1g) hat\u00e1s\u00e1ra zavart, ez\u00e9rt szervezetben megemelkedik a bilirubin szintje. Bizonyos gy\u00f3gyszerek, alkohol, l\u00e1zas \u00e1llapotok, er\u0151s fizikai megterhel\u00e9s emelik ezt a szintet.<br \/>\nA betegs\u00e9get kiv\u00e1lt\u00f3 okok nem egy\u00e9rtelm\u0171en azonos\u00edtott. Gyakran csal\u00e1dban halmoz\u00f3dik. A magyar lakoss\u00e1g kb. 5%-\u00e1ban van jelen az \u00e1llapot. A t\u00fcneteket fokozhatja \u00e9hez\u00e9s, fokozott megterhel\u00e9s \u00e9s egy\u00e9b betegs\u00e9gek.<br \/>\nA betegs\u00e9g t\u00fcnetei:<br \/>\nA betegekn\u00e9l enyhe s\u00e1rgas\u00e1g jelenik meg, melyet bizonytalan t\u00fcnetek k\u00eds\u00e9rnek. Jelentkezhet hasi f\u00e1jdalom, gyenges\u00e9g, s\u00f6t\u00e9tebb vizelet. Megterhel\u00e9sre, f\u00e1radts\u00e1g, kimer\u00fclts\u00e9g eset\u00e9n a panaszok er\u0151s\u00f6dhetnek.<\/p>\n<p>Paracetamol tartalm\u00fa gy\u00f3gyszerek szed\u00e9se nem aj\u00e1nlott:<br \/>\nNeoCitran, Coldrex, Mexalen, Ben-U-Ron, Rubophen, Eferalgam, Saridon, Panadol, B\u00e9res Febrilin, B\u00e9res trinell pro, Grippostad Hot Drink, Paracetamol, Paramax.<\/p>\n","protected":false},"excerpt":{"rendered":"<p>A Gilbert Syndroma az id\u0151sebb gyermekek (\u00e1lt. 14 \u00e9ves kor felett) k\u00f6r\u00e9ben kialakul\u00f3 betegs\u00e9g. A betegs\u00e9g l\u00e9nyege: A v\u00f6r\u00f6sv\u00e9rtestekben tal\u00e1lhat\u00f3 az oxig\u00e9nsz\u00e1ll\u00edt\u00e1s\u00e9rt felel\u0151s hemoglobin, amelynek lebont\u00e1sa a m\u00e1jban t\u00f6rt\u00e9nik. A m\u00e1j veszi fel a hemoglobinb\u00f3l keletkezett bilirubint \u00e9s alak\u00edtja \u00e1t ep\u00e9v\u00e9, mely a v\u00e9konyb\u00e9l fel\u00e9 \u00fcr\u00fcl. Gilbert k\u00f3rban a m\u00e1jsejtek bilirubin felv\u00e9tele bizonyos k\u00f6r\u00fclm\u00e9nyek (pl.&hellip; <br \/> <a class=\"read-more\" href=\"https:\/\/www.ugykr.hu\/?page_id=36\">Read more<\/a><\/p>\n","protected":false},"author":1,"featured_media":0,"parent":0,"menu_order":0,"comment_status":"closed","ping_status":"open","template":"","meta":{"footnotes":""},"class_list":["post-36","page","type-page","status-publish","hentry"],"_links":{"self":[{"href":"https:\/\/www.ugykr.hu\/index.php?rest_route=\/wp\/v2\/pages\/36","targetHints":{"allow":["GET"]}}],"collection":[{"href":"https:\/\/www.ugykr.hu\/index.php?rest_route=\/wp\/v2\/pages"}],"about":[{"href":"https:\/\/www.ugykr.hu\/index.php?rest_route=\/wp\/v2\/types\/page"}],"author":[{"embeddable":true,"href":"https:\/\/www.ugykr.hu\/index.php?rest_route=\/wp\/v2\/users\/1"}],"replies":[{"embeddable":true,"href":"https:\/\/www.ugykr.hu\/index.php?rest_route=%2Fwp%2Fv2%2Fcomments&post=36"}],"version-history":[{"count":1,"href":"https:\/\/www.ugykr.hu\/index.php?rest_route=\/wp\/v2\/pages\/36\/revisions"}],"predecessor-version":[{"id":37,"href":"https:\/\/www.ugykr.hu\/index.php?rest_route=\/wp\/v2\/pages\/36\/revisions\/37"}],"wp:attachment":[{"href":"https:\/\/www.ugykr.hu\/index.php?rest_route=%2Fwp%2Fv2%2Fmedia&parent=36"}],"curies":[{"name":"wp","href":"https:\/\/api.w.org\/{rel}","templated":true}]}}