{"id":21,"date":"2015-01-25T16:58:27","date_gmt":"2015-01-25T15:58:27","guid":{"rendered":"http:\/\/www.ugykr.hu\/?page_id=21"},"modified":"2015-01-25T16:58:27","modified_gmt":"2015-01-25T15:58:27","slug":"croup-kotta","status":"publish","type":"page","link":"https:\/\/www.ugykr.hu\/?page_id=21","title":{"rendered":"Croup-kotta"},"content":{"rendered":"<p>A kisebb gyermekek hajnali k\u00f6h\u00f6g\u00e9ses \u00e1llapota lehet a Croup.<\/p>\n<p>1.,<br \/>\nT\u00fcnet: \u00c9rces, &#8222;h\u00faz\u00f3&#8221; k\u00f6h\u00f6g\u00e9s<br \/>\nTeend\u0151: P\u00e1r\u00e1s\u00edt\u00e1s, ablaknyit\u00e1s,<br \/>\nK\u00f6ptet\u0151 (Mucopront,Rhinatiol, stb&#8230;),<br \/>\nFenistil csepp (tests\u00falynak megfelel\u0151)<\/p>\n<p>2.,<br \/>\nT\u00fcnet: S\u00edr\u00e1s, k\u00f6h\u00f6g\u00e9s bel\u00e9gz\u00e9skor &#8222;h\u00faz\u00f3s&#8221;, stridoros<br \/>\nTeend\u0151: P\u00e1r\u00e1s\u00edt\u00e1s, ablaknyit\u00e1s,<br \/>\nK\u00f6ptet\u0151,<br \/>\nCroupos k\u00fap<\/p>\n<p>3.,<br \/>\nT\u00fcnetek: Nyugalmi l\u00e9gz\u00e9s is &#8222;h\u00faz&#8221;<br \/>\nTeend\u0151: P\u00e1r\u00e1s\u00edt\u00e1s, ablaknyit\u00e1s<br \/>\nK\u00f6ptet\u0151,<br \/>\nRectodelt, Prednisolon k\u00fap<\/p>\n<p>4.,<br \/>\nT\u00fcnetek: Fullad\u00e1s, bel\u00e9gz\u00e9s &#8222;h\u00faz\u00f3s&#8221;<br \/>\nTeend\u0151: P\u00e1r\u00e1s\u00edt\u00e1s, ablaknyit\u00e1s,<br \/>\nK\u00f6ptet\u0151,<br \/>\nRectodelt, Prednisolon k\u00fap,<br \/>\n\u00dcgyelet kih\u00edv\u00e1sa, vagy a gyermek besz\u00e1ll\u00edt\u00e1sa az \u00fcgyeletre.<\/p>\n","protected":false},"excerpt":{"rendered":"<p>A kisebb gyermekek hajnali k\u00f6h\u00f6g\u00e9ses \u00e1llapota lehet a Croup. 1., T\u00fcnet: \u00c9rces, &#8222;h\u00faz\u00f3&#8221; k\u00f6h\u00f6g\u00e9s Teend\u0151: P\u00e1r\u00e1s\u00edt\u00e1s, ablaknyit\u00e1s, K\u00f6ptet\u0151 (Mucopront,Rhinatiol, stb&#8230;), Fenistil csepp (tests\u00falynak megfelel\u0151) 2., T\u00fcnet: S\u00edr\u00e1s, k\u00f6h\u00f6g\u00e9s bel\u00e9gz\u00e9skor &#8222;h\u00faz\u00f3s&#8221;, stridoros Teend\u0151: P\u00e1r\u00e1s\u00edt\u00e1s, ablaknyit\u00e1s, K\u00f6ptet\u0151, Croupos k\u00fap 3., T\u00fcnetek: Nyugalmi l\u00e9gz\u00e9s is &#8222;h\u00faz&#8221; Teend\u0151: P\u00e1r\u00e1s\u00edt\u00e1s, ablaknyit\u00e1s K\u00f6ptet\u0151, Rectodelt, Prednisolon k\u00fap 4., T\u00fcnetek: Fullad\u00e1s, bel\u00e9gz\u00e9s &#8222;h\u00faz\u00f3s&#8221;&hellip; <br \/> <a class=\"read-more\" href=\"https:\/\/www.ugykr.hu\/?page_id=21\">Read more<\/a><\/p>\n","protected":false},"author":1,"featured_media":0,"parent":0,"menu_order":0,"comment_status":"closed","ping_status":"open","template":"","meta":{"footnotes":""},"class_list":["post-21","page","type-page","status-publish","hentry"],"_links":{"self":[{"href":"https:\/\/www.ugykr.hu\/index.php?rest_route=\/wp\/v2\/pages\/21","targetHints":{"allow":["GET"]}}],"collection":[{"href":"https:\/\/www.ugykr.hu\/index.php?rest_route=\/wp\/v2\/pages"}],"about":[{"href":"https:\/\/www.ugykr.hu\/index.php?rest_route=\/wp\/v2\/types\/page"}],"author":[{"embeddable":true,"href":"https:\/\/www.ugykr.hu\/index.php?rest_route=\/wp\/v2\/users\/1"}],"replies":[{"embeddable":true,"href":"https:\/\/www.ugykr.hu\/index.php?rest_route=%2Fwp%2Fv2%2Fcomments&post=21"}],"version-history":[{"count":1,"href":"https:\/\/www.ugykr.hu\/index.php?rest_route=\/wp\/v2\/pages\/21\/revisions"}],"predecessor-version":[{"id":22,"href":"https:\/\/www.ugykr.hu\/index.php?rest_route=\/wp\/v2\/pages\/21\/revisions\/22"}],"wp:attachment":[{"href":"https:\/\/www.ugykr.hu\/index.php?rest_route=%2Fwp%2Fv2%2Fmedia&parent=21"}],"curies":[{"name":"wp","href":"https:\/\/api.w.org\/{rel}","templated":true}]}}