{"id":2,"date":"2015-01-25T15:03:33","date_gmt":"2015-01-25T15:03:33","guid":{"rendered":"http:\/\/www.ugykr.hu\/?page_id=2"},"modified":"2025-12-27T09:38:24","modified_gmt":"2025-12-27T08:38:24","slug":"home","status":"publish","type":"page","link":"https:\/\/www.ugykr.hu\/?page_id=2","title":{"rendered":"F\u0151oldal"},"content":{"rendered":"<div style=\"text-align: center;\"><span style=\"color: #ff0000;\"><strong>K\u00f6sz\u00f6ntj\u00fck az \u00dajpesti Kir\u00e1ly utcai Gyermekrendel\u0151 oldal\u00e1n.<\/strong><\/span><\/div>\n<div style=\"text-align: justify;\">Rem\u00e9lj\u00fck oldalunk elnyeri tetsz\u00e9s\u00fcket, \u00e9s sok \u00e9rdekes, hasznos dolgot tal\u00e1lnak meg oldalunkon.\u00a0\u00c9szrev\u00e9teleikre \u00e9s \u00f6tleteikre k\u00edv\u00e1ncsiak vagyunk, v\u00e1rjuk \u0151ket. Rendel\u0151nkben <span style=\"color: #ff0000;\">id\u0151pont k\u00e9r\u00e9s\u00e9re<\/span> van lehet\u0151s\u00e9g (term\u00e9szetesen korl\u00e1tozott sz\u00e1mban) \u00fagy a betegrendel\u00e9sre, mint a tan\u00e1csad\u00e1sra.\u00a0Mindkett\u0151re k\u00e9t lehet\u0151s\u00e9g van: szem\u00e9lyesen, vagy telefonon (<span style=\"color: #ff0000;\">369-17-66<\/span>)\u00a0Mindk\u00e9t esetben<span style=\"color: #ff0000;\"> 7.30<\/span> \u00e9s <span style=\"color: #ff0000;\">15.30<\/span> k\u00f6z\u00f6tt van r\u00e1 lehet\u0151s\u00e9g.\u00a0A leadott receptek, leletek, beutal\u00f3, t\u00e1pp\u00e9nzes pap\u00edrok, egy\u00e9b dolgok kiad\u00e1sa is ezen id\u0151pontokon bel\u00fcl t\u00f6rt\u00e9nik, ezen t\u00fal csak a rendel\u00e9sek feltart\u00e1sa mellett tudjuk kiadni az elk\u00e9sz\u00fclt iratokat.<\/div>\n","protected":false},"excerpt":{"rendered":"<p>K\u00f6sz\u00f6ntj\u00fck az \u00dajpesti Kir\u00e1ly utcai Gyermekrendel\u0151 oldal\u00e1n. Rem\u00e9lj\u00fck oldalunk elnyeri tetsz\u00e9s\u00fcket, \u00e9s sok \u00e9rdekes, hasznos dolgot tal\u00e1lnak meg oldalunkon.\u00a0\u00c9szrev\u00e9teleikre \u00e9s \u00f6tleteikre k\u00edv\u00e1ncsiak vagyunk, v\u00e1rjuk \u0151ket. Rendel\u0151nkben id\u0151pont k\u00e9r\u00e9s\u00e9re van lehet\u0151s\u00e9g (term\u00e9szetesen korl\u00e1tozott sz\u00e1mban) \u00fagy a betegrendel\u00e9sre, mint a tan\u00e1csad\u00e1sra.\u00a0Mindkett\u0151re k\u00e9t lehet\u0151s\u00e9g van: szem\u00e9lyesen, vagy telefonon (369-17-66)\u00a0Mindk\u00e9t esetben 7.30 \u00e9s 15.30 k\u00f6z\u00f6tt van r\u00e1 lehet\u0151s\u00e9g.\u00a0A leadott&hellip; <br \/> <a class=\"read-more\" href=\"https:\/\/www.ugykr.hu\/?page_id=2\">Read more<\/a><\/p>\n","protected":false},"author":1,"featured_media":0,"parent":0,"menu_order":0,"comment_status":"closed","ping_status":"open","template":"template-onecolumn.php","meta":{"footnotes":""},"class_list":["post-2","page","type-page","status-publish","hentry"],"_links":{"self":[{"href":"https:\/\/www.ugykr.hu\/index.php?rest_route=\/wp\/v2\/pages\/2","targetHints":{"allow":["GET"]}}],"collection":[{"href":"https:\/\/www.ugykr.hu\/index.php?rest_route=\/wp\/v2\/pages"}],"about":[{"href":"https:\/\/www.ugykr.hu\/index.php?rest_route=\/wp\/v2\/types\/page"}],"author":[{"embeddable":true,"href":"https:\/\/www.ugykr.hu\/index.php?rest_route=\/wp\/v2\/users\/1"}],"replies":[{"embeddable":true,"href":"https:\/\/www.ugykr.hu\/index.php?rest_route=%2Fwp%2Fv2%2Fcomments&post=2"}],"version-history":[{"count":15,"href":"https:\/\/www.ugykr.hu\/index.php?rest_route=\/wp\/v2\/pages\/2\/revisions"}],"predecessor-version":[{"id":77,"href":"https:\/\/www.ugykr.hu\/index.php?rest_route=\/wp\/v2\/pages\/2\/revisions\/77"}],"wp:attachment":[{"href":"https:\/\/www.ugykr.hu\/index.php?rest_route=%2Fwp%2Fv2%2Fmedia&parent=2"}],"curies":[{"name":"wp","href":"https:\/\/api.w.org\/{rel}","templated":true}]}}